{"id":4464,"date":"2020-04-18T03:39:26","date_gmt":"2020-04-18T03:39:26","guid":{"rendered":"https:\/\/smarkee.ch\/cart\/"},"modified":"2022-11-29T10:24:33","modified_gmt":"2022-11-29T10:24:33","slug":"cart","status":"publish","type":"page","link":"https:\/\/smarkee.ch\/en\/cart\/","title":{"rendered":"Shopping cart"},"content":{"rendered":"\t\t<div data-elementor-type=\"wp-page\" data-elementor-id=\"4464\" class=\"elementor elementor-4464 elementor-2001\">\n\t\t\t\t\t\t\t\t\t<section class=\"elementor-section elementor-top-section elementor-element elementor-element-afd4613 elementor-section-boxed elementor-section-height-default elementor-section-height-default\" data-id=\"afd4613\" data-element_type=\"section\" data-settings=\"{&quot;shape_divider_bottom&quot;:&quot;tilt&quot;}\">\r\n\t\t\t\t\t<div class=\"elementor-shape elementor-shape-bottom\" data-negative=\"false\">\r\n\t\t\t<svg xmlns=\"http:\/\/www.w3.org\/2000\/svg\" viewBox=\"0 0 1000 100\" preserveAspectRatio=\"none\">\n\t<path class=\"elementor-shape-fill\" d=\"M0,6V0h1000v100L0,6z\"\/>\n<\/svg>\t\t<\/div>\r\n\t\t\r\n\t\t\t\t\t\t\t\t\t<div class=\"elementor-container elementor-column-gap-default\">\r\n\t\t\t\t\t\t\t\t\t\t\t<div class=\"elementor-column elementor-col-33 elementor-top-column elementor-element elementor-element-7fde9ec\" data-id=\"7fde9ec\" data-element_type=\"column\">\r\n\r\n\t\t\t\t\t<div class=\"elementor-widget-wrap\">\r\n\t\t\t\t\t\t\t\t\t<\/div>\r\n\t\t\t\t<\/div>\r\n\t\t\t\t<div class=\"elementor-column elementor-col-33 elementor-top-column elementor-element elementor-element-8d36689\" data-id=\"8d36689\" data-element_type=\"column\" data-settings=\"{&quot;background_background&quot;:&quot;classic&quot;}\">\r\n\r\n\t\t\t\t\t<div class=\"elementor-widget-wrap elementor-element-populated\">\r\n\t\t\t\t\t\t\t\t<div class=\"elementor-element elementor-element-415f4ac elementor-widget elementor-widget-heading\" data-id=\"415f4ac\" data-element_type=\"widget\" data-widget_type=\"heading.default\">\n\t\t\t\t<div class=\"elementor-widget-container\">\n\t\t\t<style>\/*! elementor - v3.12.2 - 23-04-2023 *\/\n.elementor-heading-title{padding:0;margin:0;line-height:1}.elementor-widget-heading .elementor-heading-title[class*=elementor-size-]>a{color:inherit;font-size:inherit;line-height:inherit}.elementor-widget-heading .elementor-heading-title.elementor-size-small{font-size:15px}.elementor-widget-heading .elementor-heading-title.elementor-size-medium{font-size:19px}.elementor-widget-heading .elementor-heading-title.elementor-size-large{font-size:29px}.elementor-widget-heading .elementor-heading-title.elementor-size-xl{font-size:39px}.elementor-widget-heading .elementor-heading-title.elementor-size-xxl{font-size:59px}<\/style><h2 class=\"elementor-heading-title elementor-size-default\">What's next?<\/h2>\t\t<\/div>\n\t\t\t\t<\/div>\n\t\t\t\t<div class=\"elementor-element elementor-element-6efe89ee elementor-widget-divider--view-line elementor-widget elementor-widget-divider\" data-id=\"6efe89ee\" data-element_type=\"widget\" data-settings=\"{&quot;motion_fx_motion_fx_scrolling&quot;:&quot;yes&quot;,&quot;motion_fx_scale_effect&quot;:&quot;yes&quot;,&quot;motion_fx_scale_direction&quot;:&quot;in-out&quot;,&quot;motion_fx_scale_speed&quot;:{&quot;unit&quot;:&quot;px&quot;,&quot;size&quot;:&quot;-10&quot;,&quot;sizes&quot;:[]},&quot;motion_fx_scale_range&quot;:{&quot;unit&quot;:&quot;%&quot;,&quot;size&quot;:&quot;&quot;,&quot;sizes&quot;:{&quot;start&quot;:&quot;0&quot;,&quot;end&quot;:&quot;50&quot;}},&quot;motion_fx_devices&quot;:[&quot;desktop&quot;,&quot;tablet&quot;,&quot;mobile&quot;]}\" data-widget_type=\"divider.default\">\n\t\t\t\t<div class=\"elementor-widget-container\">\n\t\t\t<style>\/*! elementor - v3.12.2 - 23-04-2023 *\/\n.elementor-widget-divider{--divider-border-style:none;--divider-border-width:1px;--divider-color:#0c0d0e;--divider-icon-size:20px;--divider-element-spacing:10px;--divider-pattern-height:24px;--divider-pattern-size:20px;--divider-pattern-url:none;--divider-pattern-repeat:repeat-x}.elementor-widget-divider .elementor-divider{display:flex}.elementor-widget-divider .elementor-divider__text{font-size:15px;line-height:1;max-width:95%}.elementor-widget-divider .elementor-divider__element{margin:0 var(--divider-element-spacing);flex-shrink:0}.elementor-widget-divider .elementor-icon{font-size:var(--divider-icon-size)}.elementor-widget-divider .elementor-divider-separator{display:flex;margin:0;direction:ltr}.elementor-widget-divider--view-line_icon .elementor-divider-separator,.elementor-widget-divider--view-line_text .elementor-divider-separator{align-items:center}.elementor-widget-divider--view-line_icon .elementor-divider-separator:after,.elementor-widget-divider--view-line_icon .elementor-divider-separator:before,.elementor-widget-divider--view-line_text .elementor-divider-separator:after,.elementor-widget-divider--view-line_text .elementor-divider-separator:before{display:block;content:\"\";border-bottom:0;flex-grow:1;border-top:var(--divider-border-width) var(--divider-border-style) var(--divider-color)}.elementor-widget-divider--element-align-left .elementor-divider .elementor-divider-separator>.elementor-divider__svg:first-of-type{flex-grow:0;flex-shrink:100}.elementor-widget-divider--element-align-left .elementor-divider-separator:before{content:none}.elementor-widget-divider--element-align-left .elementor-divider__element{margin-left:0}.elementor-widget-divider--element-align-right .elementor-divider .elementor-divider-separator>.elementor-divider__svg:last-of-type{flex-grow:0;flex-shrink:100}.elementor-widget-divider--element-align-right .elementor-divider-separator:after{content:none}.elementor-widget-divider--element-align-right .elementor-divider__element{margin-right:0}.elementor-widget-divider:not(.elementor-widget-divider--view-line_text):not(.elementor-widget-divider--view-line_icon) .elementor-divider-separator{border-top:var(--divider-border-width) var(--divider-border-style) var(--divider-color)}.elementor-widget-divider--separator-type-pattern{--divider-border-style:none}.elementor-widget-divider--separator-type-pattern.elementor-widget-divider--view-line .elementor-divider-separator,.elementor-widget-divider--separator-type-pattern:not(.elementor-widget-divider--view-line) .elementor-divider-separator:after,.elementor-widget-divider--separator-type-pattern:not(.elementor-widget-divider--view-line) .elementor-divider-separator:before,.elementor-widget-divider--separator-type-pattern:not([class*=elementor-widget-divider--view]) .elementor-divider-separator{width:100%;min-height:var(--divider-pattern-height);-webkit-mask-size:var(--divider-pattern-size) 100%;mask-size:var(--divider-pattern-size) 100%;-webkit-mask-repeat:var(--divider-pattern-repeat);mask-repeat:var(--divider-pattern-repeat);background-color:var(--divider-color);-webkit-mask-image:var(--divider-pattern-url);mask-image:var(--divider-pattern-url)}.elementor-widget-divider--no-spacing{--divider-pattern-size:auto}.elementor-widget-divider--bg-round{--divider-pattern-repeat:round}.rtl .elementor-widget-divider .elementor-divider__text{direction:rtl}.e-con-inner>.elementor-widget-divider,.e-con>.elementor-widget-divider{width:var(--container-widget-width,100%);--flex-grow:var(--container-widget-flex-grow)}<\/style>\t\t<div class=\"elementor-divider\">\n\t\t\t<span class=\"elementor-divider-separator\">\n\t\t\t\t\t\t<\/span>\n\t\t<\/div>\n\t\t\t\t<\/div>\n\t\t\t\t<\/div>\n\t\t\t\t<div class=\"elementor-element elementor-element-6346292 elementor-widget elementor-widget-text-editor\" data-id=\"6346292\" data-element_type=\"widget\" data-widget_type=\"text-editor.default\">\n\t\t\t\t<div class=\"elementor-widget-container\">\n\t\t\t<style>\/*! elementor - v3.12.2 - 23-04-2023 *\/\n.elementor-widget-text-editor.elementor-drop-cap-view-stacked .elementor-drop-cap{background-color:#69727d;color:#fff}.elementor-widget-text-editor.elementor-drop-cap-view-framed .elementor-drop-cap{color:#69727d;border:3px solid;background-color:transparent}.elementor-widget-text-editor:not(.elementor-drop-cap-view-default) .elementor-drop-cap{margin-top:8px}.elementor-widget-text-editor:not(.elementor-drop-cap-view-default) .elementor-drop-cap-letter{width:1em;height:1em}.elementor-widget-text-editor .elementor-drop-cap{float:left;text-align:center;line-height:1;font-size:50px}.elementor-widget-text-editor .elementor-drop-cap-letter{display:inline-block}<\/style>\t\t\t\t<p class=\"qodef-st-text\">We will contact you after the order is placed to discuss goals and deliverables together. Once you agree with all the details, you will receive an order confirmation. Only after this is confirmed, our order begins. Up to this point, no costs are incurred.<\/p>\n\t\t\t\t\t\t<\/div>\n\t\t\t\t<\/div>\n\t\t\t\t<div class=\"elementor-element elementor-element-158d506 elementor-widget elementor-widget-text-editor\" data-id=\"158d506\" data-element_type=\"widget\" data-widget_type=\"text-editor.default\">\n\t\t\t\t<div class=\"elementor-widget-container\">\n\t\t\t\t\t\t\t<h3>We look forward to meeting you.<\/h3>\n\t\t\t\t\t\t<\/div>\n\t\t\t\t<\/div>\n\t\t\t\t<div class=\"elementor-element elementor-element-8e5be10 elementor-widget elementor-widget-spacer\" data-id=\"8e5be10\" data-element_type=\"widget\" data-widget_type=\"spacer.default\">\n\t\t\t\t<div class=\"elementor-widget-container\">\n\t\t\t<style>\/*! elementor - v3.12.2 - 23-04-2023 *\/\n.elementor-column .elementor-spacer-inner{height:var(--spacer-size)}.e-con{--container-widget-width:100%}.e-con-inner>.elementor-widget-spacer,.e-con>.elementor-widget-spacer{width:var(--container-widget-width,var(--spacer-size));--align-self:var(--container-widget-align-self,initial);--flex-shrink:0}.e-con-inner>.elementor-widget-spacer>.elementor-widget-container,.e-con-inner>.elementor-widget-spacer>.elementor-widget-container>.elementor-spacer,.e-con>.elementor-widget-spacer>.elementor-widget-container,.e-con>.elementor-widget-spacer>.elementor-widget-container>.elementor-spacer{height:100%}.e-con-inner>.elementor-widget-spacer>.elementor-widget-container>.elementor-spacer>.elementor-spacer-inner,.e-con>.elementor-widget-spacer>.elementor-widget-container>.elementor-spacer>.elementor-spacer-inner{height:var(--container-widget-height,var(--spacer-size))}<\/style>\t\t<div class=\"elementor-spacer\">\n\t\t\t<div class=\"elementor-spacer-inner\"><\/div>\n\t\t<\/div>\n\t\t\t\t<\/div>\n\t\t\t\t<\/div>\n\t\t\t\t\t<\/div>\r\n\t\t\t\t<\/div>\r\n\t\t\t\t<div class=\"elementor-column elementor-col-33 elementor-top-column elementor-element elementor-element-95fc072\" data-id=\"95fc072\" data-element_type=\"column\">\r\n\r\n\t\t\t\t\t<div class=\"elementor-widget-wrap\">\r\n\t\t\t\t\t\t\t\t\t<\/div>\r\n\t\t\t\t<\/div>\r\n\t\t\t\t\t\t<\/div>\r\n\t\t\t\t<\/section>\r\n\t\t\t\t<section class=\"elementor-section elementor-top-section elementor-element elementor-element-4e1e702c elementor-section-boxed elementor-section-height-default elementor-section-height-default\" data-id=\"4e1e702c\" data-element_type=\"section\" data-settings=\"{&quot;background_background&quot;:&quot;gradient&quot;,&quot;background_motion_fx_motion_fx_scrolling&quot;:&quot;yes&quot;,&quot;shape_divider_top&quot;:&quot;tilt&quot;,&quot;shape_divider_bottom&quot;:&quot;tilt&quot;,&quot;background_motion_fx_devices&quot;:[&quot;desktop&quot;,&quot;tablet&quot;,&quot;mobile&quot;]}\">\r\n\t\t\t\t\t<div class=\"elementor-shape elementor-shape-top\" data-negative=\"false\">\r\n\t\t\t<svg xmlns=\"http:\/\/www.w3.org\/2000\/svg\" viewBox=\"0 0 1000 100\" preserveAspectRatio=\"none\">\n\t<path class=\"elementor-shape-fill\" d=\"M0,6V0h1000v100L0,6z\"\/>\n<\/svg>\t\t<\/div>\r\n\t\t\t\t<div class=\"elementor-shape elementor-shape-bottom\" data-negative=\"false\">\r\n\t\t\t<svg xmlns=\"http:\/\/www.w3.org\/2000\/svg\" viewBox=\"0 0 1000 100\" preserveAspectRatio=\"none\">\n\t<path class=\"elementor-shape-fill\" d=\"M0,6V0h1000v100L0,6z\"\/>\n<\/svg>\t\t<\/div>\r\n\t\t\r\n\t\t\t\t\t\t\t\t\t<div class=\"elementor-container elementor-column-gap-default\">\r\n\t\t\t\t\t\t\t\t\t\t\t<div class=\"elementor-column elementor-col-100 elementor-top-column elementor-element elementor-element-b254cc1\" data-id=\"b254cc1\" data-element_type=\"column\">\r\n\r\n\t\t\t\t\t<div class=\"elementor-widget-wrap elementor-element-populated\">\r\n\t\t\t\t\t\t\t\t\t<\/div>\r\n\t\t\t\t<\/div>\r\n\t\t\t\t\t\t<\/div>\r\n\t\t\t\t<\/section>\r\n\t\t\t\t\t\t\t<\/div>\n\t\t","protected":false},"excerpt":{"rendered":"<p>What&#8217;s next? We will contact you after the order is placed to discuss goals and deliverables together. Once you agree with all the details, you will receive an order confirmation. Only after this is confirmed, our order begins. Up to this point, no costs are incurred. We look forward to meeting you.<\/p>\n","protected":false},"author":1,"featured_media":0,"parent":0,"menu_order":0,"comment_status":"closed","ping_status":"closed","template":"","meta":{"jetpack_post_was_ever_published":false},"yoast_head":"<!-- This site is optimized with the Yoast SEO plugin v20.5 - https:\/\/yoast.com\/wordpress\/plugins\/seo\/ -->\n<title>Shopping cart - smarkee<\/title>\n<meta name=\"robots\" content=\"index, follow, max-snippet:-1, max-image-preview:large, max-video-preview:-1\" \/>\n<link rel=\"canonical\" href=\"https:\/\/smarkee.ch\/en\/cart\/\" \/>\n<meta property=\"og:locale\" content=\"en_US\" \/>\n<meta property=\"og:type\" content=\"article\" \/>\n<meta property=\"og:title\" content=\"Shopping cart - smarkee\" \/>\n<meta property=\"og:description\" content=\"What&#8217;s next? We will contact you after the order is placed to discuss goals and deliverables together. Once you agree with all the details, you will receive an order confirmation. Only after this is confirmed, our order begins. Up to this point, no costs are incurred. We look forward to meeting you.\" \/>\n<meta property=\"og:url\" content=\"https:\/\/smarkee.ch\/en\/cart\/\" \/>\n<meta property=\"og:site_name\" content=\"smarkee\" \/>\n<meta property=\"article:modified_time\" content=\"2022-11-29T10:24:33+00:00\" \/>\n<meta name=\"twitter:card\" content=\"summary_large_image\" \/>\n<meta name=\"twitter:label1\" content=\"Est. reading time\" \/>\n\t<meta name=\"twitter:data1\" content=\"3 minutes\" \/>\n<script type=\"application\/ld+json\" class=\"yoast-schema-graph\">{\"@context\":\"https:\/\/schema.org\",\"@graph\":[{\"@type\":\"WebPage\",\"@id\":\"https:\/\/smarkee.ch\/en\/cart\/\",\"url\":\"https:\/\/smarkee.ch\/en\/cart\/\",\"name\":\"Shopping cart - smarkee\",\"isPartOf\":{\"@id\":\"https:\/\/smarkee.ch\/#website\"},\"datePublished\":\"2020-04-18T03:39:26+00:00\",\"dateModified\":\"2022-11-29T10:24:33+00:00\",\"breadcrumb\":{\"@id\":\"https:\/\/smarkee.ch\/en\/cart\/#breadcrumb\"},\"inLanguage\":\"en\",\"potentialAction\":[{\"@type\":\"ReadAction\",\"target\":[\"https:\/\/smarkee.ch\/en\/cart\/\"]}]},{\"@type\":\"BreadcrumbList\",\"@id\":\"https:\/\/smarkee.ch\/en\/cart\/#breadcrumb\",\"itemListElement\":[{\"@type\":\"ListItem\",\"position\":1,\"name\":\"Startseite\",\"item\":\"https:\/\/smarkee.ch\/en\/\"},{\"@type\":\"ListItem\",\"position\":2,\"name\":\"Shopping cart\"}]},{\"@type\":\"WebSite\",\"@id\":\"https:\/\/smarkee.ch\/#website\",\"url\":\"https:\/\/smarkee.ch\/\",\"name\":\"smarkee\",\"description\":\"Die neue Plattform f\u00fcr Digital Marketing\",\"publisher\":{\"@id\":\"https:\/\/smarkee.ch\/#organization\"},\"potentialAction\":[{\"@type\":\"SearchAction\",\"target\":{\"@type\":\"EntryPoint\",\"urlTemplate\":\"https:\/\/smarkee.ch\/?s={search_term_string}\"},\"query-input\":\"required name=search_term_string\"}],\"inLanguage\":\"en\"},{\"@type\":\"Organization\",\"@id\":\"https:\/\/smarkee.ch\/#organization\",\"name\":\"smarkee \u2013 Die neue Plattform f\u00fcr Digital Marketing\",\"url\":\"https:\/\/smarkee.ch\/\",\"logo\":{\"@type\":\"ImageObject\",\"inLanguage\":\"en\",\"@id\":\"https:\/\/smarkee.ch\/#\/schema\/logo\/image\/\",\"url\":\"https:\/\/smarkee.ch\/wp-content\/uploads\/2022\/02\/Smarkee.png\",\"contentUrl\":\"https:\/\/smarkee.ch\/wp-content\/uploads\/2022\/02\/Smarkee.png\",\"width\":775,\"height\":120,\"caption\":\"smarkee \u2013 Die neue Plattform f\u00fcr Digital Marketing\"},\"image\":{\"@id\":\"https:\/\/smarkee.ch\/#\/schema\/logo\/image\/\"},\"sameAs\":[\"https:\/\/www.linkedin.com\/company\/smarkee\"]}]}<\/script>\n<!-- \/ Yoast SEO plugin. -->","yoast_head_json":{"title":"Shopping cart - smarkee","robots":{"index":"index","follow":"follow","max-snippet":"max-snippet:-1","max-image-preview":"max-image-preview:large","max-video-preview":"max-video-preview:-1"},"canonical":"https:\/\/smarkee.ch\/en\/cart\/","og_locale":"en_US","og_type":"article","og_title":"Shopping cart - smarkee","og_description":"What&#8217;s next? We will contact you after the order is placed to discuss goals and deliverables together. Once you agree with all the details, you will receive an order confirmation. Only after this is confirmed, our order begins. Up to this point, no costs are incurred. We look forward to meeting you.","og_url":"https:\/\/smarkee.ch\/en\/cart\/","og_site_name":"smarkee","article_modified_time":"2022-11-29T10:24:33+00:00","twitter_card":"summary_large_image","twitter_misc":{"Est. reading time":"3 minutes"},"schema":{"@context":"https:\/\/schema.org","@graph":[{"@type":"WebPage","@id":"https:\/\/smarkee.ch\/en\/cart\/","url":"https:\/\/smarkee.ch\/en\/cart\/","name":"Shopping cart - smarkee","isPartOf":{"@id":"https:\/\/smarkee.ch\/#website"},"datePublished":"2020-04-18T03:39:26+00:00","dateModified":"2022-11-29T10:24:33+00:00","breadcrumb":{"@id":"https:\/\/smarkee.ch\/en\/cart\/#breadcrumb"},"inLanguage":"en","potentialAction":[{"@type":"ReadAction","target":["https:\/\/smarkee.ch\/en\/cart\/"]}]},{"@type":"BreadcrumbList","@id":"https:\/\/smarkee.ch\/en\/cart\/#breadcrumb","itemListElement":[{"@type":"ListItem","position":1,"name":"Startseite","item":"https:\/\/smarkee.ch\/en\/"},{"@type":"ListItem","position":2,"name":"Shopping cart"}]},{"@type":"WebSite","@id":"https:\/\/smarkee.ch\/#website","url":"https:\/\/smarkee.ch\/","name":"smarkee","description":"Die neue Plattform f\u00fcr Digital Marketing","publisher":{"@id":"https:\/\/smarkee.ch\/#organization"},"potentialAction":[{"@type":"SearchAction","target":{"@type":"EntryPoint","urlTemplate":"https:\/\/smarkee.ch\/?s={search_term_string}"},"query-input":"required name=search_term_string"}],"inLanguage":"en"},{"@type":"Organization","@id":"https:\/\/smarkee.ch\/#organization","name":"smarkee \u2013 Die neue Plattform f\u00fcr Digital Marketing","url":"https:\/\/smarkee.ch\/","logo":{"@type":"ImageObject","inLanguage":"en","@id":"https:\/\/smarkee.ch\/#\/schema\/logo\/image\/","url":"https:\/\/smarkee.ch\/wp-content\/uploads\/2022\/02\/Smarkee.png","contentUrl":"https:\/\/smarkee.ch\/wp-content\/uploads\/2022\/02\/Smarkee.png","width":775,"height":120,"caption":"smarkee \u2013 Die neue Plattform f\u00fcr Digital Marketing"},"image":{"@id":"https:\/\/smarkee.ch\/#\/schema\/logo\/image\/"},"sameAs":["https:\/\/www.linkedin.com\/company\/smarkee"]}]}},"jetpack-related-posts":[{"id":4621,"url":"https:\/\/smarkee.ch\/en\/thank-you-page\/","url_meta":{"origin":4464,"position":0},"title":"Thank you page","date":"23.05.2022","format":false,"excerpt":"Thank you very much! We will process your request as soon as possible and contact you. Zur\u00fcck zur Hauptseite","rel":"","context":"Similar post","img":{"alt_text":"","src":"","width":0,"height":0},"classes":[]},{"id":4627,"url":"https:\/\/smarkee.ch\/en\/contact\/","url_meta":{"origin":4464,"position":1},"title":"Contact","date":"14.09.2022","format":false,"excerpt":"CONTACT Start with smarkee We are a Swiss team based in Zurich. smarkee was developed with a focus on fast, digital service delivery. Nevertheless, personal contact is important to us, we are happy to advise you by phone and e-mail. Whichever channel fits you - we look forward to meeting\u2026","rel":"","context":"Similar post","img":{"alt_text":"","src":"","width":0,"height":0},"classes":[]},{"id":4465,"url":"https:\/\/smarkee.ch\/en\/checkout\/","url_meta":{"origin":4464,"position":2},"title":"Checkout","date":"18.04.2020","format":false,"excerpt":"Fill in and send What happens after I place the order? We will contact you after the order is placed to discuss goals and deliverables together. Once you agree with all the details, you will receive an order confirmation. Only after this is confirmed, our order begins. Up to this\u2026","rel":"","context":"Similar post","img":{"alt_text":"","src":"","width":0,"height":0},"classes":[]},{"id":3711,"url":"https:\/\/smarkee.ch\/danke-seite\/","url_meta":{"origin":4464,"position":3},"title":"Danke Seite","date":"23.05.2022","format":false,"excerpt":"Herzlichen Dank! Wir werden so schnell wie m\u00f6glich dein Anliegen bearbeiten und mit dir Kontakt aufnehmen. Zur\u00fcck zur Hauptseite","rel":"","context":"Similar post","img":{"alt_text":"","src":"","width":0,"height":0},"classes":[]},{"id":3832,"url":"https:\/\/smarkee.ch\/danke-fuer-deine-bestellung\/","url_meta":{"origin":4464,"position":4},"title":"Danke f\u00fcr deine Bestellung","date":"07.06.2022","format":false,"excerpt":"Vielen Dank f\u00fcr Deine Bestellung Wir freuen uns gemeinsam mit Dir das neue Projekt zu starten. Wir kontaktieren Dich in K\u00fcrze, um die Details zu besprechen. Zur\u00fcck zur Hauptseite","rel":"","context":"Similar post","img":{"alt_text":"","src":"","width":0,"height":0},"classes":[]},{"id":4619,"url":"https:\/\/smarkee.ch\/en\/thanks-for-your-order\/","url_meta":{"origin":4464,"position":5},"title":"Thanks for your order","date":"07.06.2022","format":false,"excerpt":"Thank you for your order We are looking forward to starting the new project together with you. We will contact you shortly to discuss the details. Zur\u00fcck zur Hauptseite","rel":"","context":"Similar post","img":{"alt_text":"","src":"","width":0,"height":0},"classes":[]}],"_links":{"self":[{"href":"https:\/\/smarkee.ch\/en\/wp-json\/wp\/v2\/pages\/4464"}],"collection":[{"href":"https:\/\/smarkee.ch\/en\/wp-json\/wp\/v2\/pages"}],"about":[{"href":"https:\/\/smarkee.ch\/en\/wp-json\/wp\/v2\/types\/page"}],"author":[{"embeddable":true,"href":"https:\/\/smarkee.ch\/en\/wp-json\/wp\/v2\/users\/1"}],"replies":[{"embeddable":true,"href":"https:\/\/smarkee.ch\/en\/wp-json\/wp\/v2\/comments?post=4464"}],"version-history":[{"count":5,"href":"https:\/\/smarkee.ch\/en\/wp-json\/wp\/v2\/pages\/4464\/revisions"}],"predecessor-version":[{"id":4837,"href":"https:\/\/smarkee.ch\/en\/wp-json\/wp\/v2\/pages\/4464\/revisions\/4837"}],"wp:attachment":[{"href":"https:\/\/smarkee.ch\/en\/wp-json\/wp\/v2\/media?parent=4464"}],"curies":[{"name":"wp","href":"https:\/\/api.w.org\/{rel}","templated":true}]}}